{"id":2941,"date":"2025-01-17T12:51:55","date_gmt":"2025-01-17T12:51:55","guid":{"rendered":"https:\/\/tameolipp.ee\/?post_type=product&#038;p=2941"},"modified":"2026-04-20T10:45:51","modified_gmt":"2026-04-20T10:45:51","slug":"lipu-kandevoo-poluester-2","status":"publish","type":"product","link":"https:\/\/tameolipp.ee\/?product=lipu-kandevoo-poluester-2","title":{"rendered":"Lipu kandev\u00f6\u00f6, (pol\u00fcester)"},"content":{"rendered":"<p>Lipu kandev\u00f6\u00f6\u00a0on abiks lipu kandmisel ja hoidmisel. Kasutatakse rongk\u00e4ikudel v\u00f5i tseremooniatel .<\/p>\n<p>Saadaval mustast ja hallist pol\u00fcestrist k\u00e4ndev\u00f6\u00f6d.<\/p>\n<p>Saada p\u00e4ring saadavuse kohta!<\/p>\n","protected":false},"excerpt":{"rendered":"<p>Lipu kandev\u00f6\u00f6\u00a0on abiks lipu kandmisel ja hoidmisel. Kasutatakse rongk\u00e4ikudel v\u00f5i tseremooniatel . Saadaval mustast ja hallist pol\u00fcestrist k\u00e4ndev\u00f6\u00f6d. Saada p\u00e4ring saadavuse kohta!<\/p>\n","protected":false},"featured_media":2939,"template":"","meta":[],"product_cat":[54],"product_tag":[],"class_list":{"0":"post-2941","1":"product","2":"type-product","3":"status-publish","4":"has-post-thumbnail","6":"product_cat-lipu-tarvikud","8":"first","9":"instock","10":"taxable","11":"shipping-taxable","12":"purchasable","13":"product-type-simple"},"aioseo_notices":[],"_links":{"self":[{"href":"https:\/\/tameolipp.ee\/index.php?rest_route=\/wp\/v2\/product\/2941","targetHints":{"allow":["GET"]}}],"collection":[{"href":"https:\/\/tameolipp.ee\/index.php?rest_route=\/wp\/v2\/product"}],"about":[{"href":"https:\/\/tameolipp.ee\/index.php?rest_route=\/wp\/v2\/types\/product"}],"wp:featuredmedia":[{"embeddable":true,"href":"https:\/\/tameolipp.ee\/index.php?rest_route=\/wp\/v2\/media\/2939"}],"wp:attachment":[{"href":"https:\/\/tameolipp.ee\/index.php?rest_route=%2Fwp%2Fv2%2Fmedia&parent=2941"}],"wp:term":[{"taxonomy":"product_cat","embeddable":true,"href":"https:\/\/tameolipp.ee\/index.php?rest_route=%2Fwp%2Fv2%2Fproduct_cat&post=2941"},{"taxonomy":"product_tag","embeddable":true,"href":"https:\/\/tameolipp.ee\/index.php?rest_route=%2Fwp%2Fv2%2Fproduct_tag&post=2941"}],"curies":[{"name":"wp","href":"https:\/\/api.w.org\/{rel}","templated":true}]}}