{"id":2986,"date":"2025-03-28T14:24:13","date_gmt":"2025-03-28T14:24:13","guid":{"rendered":"https:\/\/tameolipp.ee\/?post_type=product&#038;p=2986"},"modified":"2026-04-20T11:51:21","modified_gmt":"2026-04-20T11:51:21","slug":"soft-banner-ovaalne","status":"publish","type":"product","link":"https:\/\/tameolipp.ee\/?product=soft-banner-ovaalne","title":{"rendered":"Soft Banner (ovaalne)"},"content":{"rendered":"<div class=\"cc-m-hgrid-column last\">\n<div id=\"cc-matrix-1242408670\">\n<div id=\"cc-m-5818527770\" class=\"j-module n j-text \">\n<p>Kangast graafikaga\u00a0<strong>kahepoolne<\/strong> b\u00e4nnerilahendus sise- ja v\u00e4likasutamiseks. B\u00e4nneri saab kinnitada pehmele pinnasele komplekti kuuluvate vaiade abil. B\u00e4nneri konstruktsiooni saab\u00a0<strong>kompaktsetesse m\u00f5\u00f5tudesse<\/strong>\u00a0kokku pakkida ja k\u00e4ep\u00e4rasesse kotti mahutada, mis teeb selle transportimise \u00fclimalt lihtsaks.<\/p>\n<ul>\n<li>Saadaval 4 suuruses:\u00a0<strong>120&#215;70<\/strong>\u00a0kuni\u00a0<strong>270&#215;135 cm<\/strong><\/li>\n<li>Konstruktsiooni kaal: kuni\u00a0<strong>3,9 kg<\/strong><\/li>\n<li>Tugev ja\u00a0<strong>kergekaaluline<\/strong>\u00a0konstruktsioon<\/li>\n<li>Lihtne paigaldus ja transportimine<\/li>\n<li>Paigaldamine v\u00f5tab\u00a0<strong>m\u00f5ned sekundid<\/strong><\/li>\n<li>B\u00e4nneri komplektis kinnitusnaelad ja kandekott<\/li>\n<\/ul>\n<\/div>\n<\/div>\n<\/div>\n<div class=\"cc-m-hgrid-overlay\" data-display=\"cms-only\"><a href=\"https:\/\/tameolipp.ee\/wp-content\/uploads\/2025\/03\/soft-banner2.jpg\"><img loading=\"lazy\" decoding=\"async\" class=\"alignnone wp-image-2989\" src=\"https:\/\/tameolipp.ee\/wp-content\/uploads\/2025\/03\/soft-banner2-600x117.jpg\" alt=\"\" width=\"523\" height=\"102\" srcset=\"https:\/\/tameolipp.ee\/wp-content\/uploads\/2025\/03\/soft-banner2-600x117.jpg 600w, https:\/\/tameolipp.ee\/wp-content\/uploads\/2025\/03\/soft-banner2-300x58.jpg 300w, https:\/\/tameolipp.ee\/wp-content\/uploads\/2025\/03\/soft-banner2-768x149.jpg 768w, https:\/\/tameolipp.ee\/wp-content\/uploads\/2025\/03\/soft-banner2-400x78.jpg 400w, https:\/\/tameolipp.ee\/wp-content\/uploads\/2025\/03\/soft-banner2.jpg 822w\" sizes=\"auto, (max-width: 523px) 100vw, 523px\" \/><\/a><\/div>\n<div data-display=\"cms-only\"><\/div>\n<div data-display=\"cms-only\"><\/div>\n<div data-display=\"cms-only\"><a href=\"https:\/\/tameolipp.ee\/wp-content\/uploads\/2025\/03\/soft-banner3.jpg\"><img loading=\"lazy\" decoding=\"async\" class=\"alignnone size-full wp-image-2990\" src=\"https:\/\/tameolipp.ee\/wp-content\/uploads\/2025\/03\/soft-banner3.jpg\" alt=\"\" width=\"372\" height=\"198\" srcset=\"https:\/\/tameolipp.ee\/wp-content\/uploads\/2025\/03\/soft-banner3.jpg 372w, https:\/\/tameolipp.ee\/wp-content\/uploads\/2025\/03\/soft-banner3-300x160.jpg 300w\" sizes=\"auto, (max-width: 372px) 100vw, 372px\" \/><\/a><\/div>\n<div data-display=\"cms-only\"><\/div>\n<div data-display=\"cms-only\">.<\/div>\n<div data-display=\"cms-only\"><\/div>\n<div data-display=\"cms-only\"><\/div>\n","protected":false},"excerpt":{"rendered":"<p>Kangast graafikaga\u00a0kahepoolne b\u00e4nnerilahendus sise- ja v\u00e4likasutamiseks. B\u00e4nneri saab kinnitada pehmele pinnasele komplekti kuuluvate vaiade abil. B\u00e4nneri konstruktsiooni saab\u00a0kompaktsetesse m\u00f5\u00f5tudesse\u00a0kokku pakkida ja k\u00e4ep\u00e4rasesse kotti mahutada, mis teeb selle transportimise \u00fclimalt lihtsaks. Saadaval 4 suuruses:\u00a0120&#215;70\u00a0kuni\u00a0270&#215;135 cm Konstruktsiooni kaal: kuni\u00a03,9 kg Tugev ja\u00a0kergekaaluline\u00a0konstruktsioon Lihtne paigaldus ja transportimine Paigaldamine v\u00f5tab\u00a0m\u00f5ned sekundid B\u00e4nneri komplektis kinnitusnaelad ja kandekott .<\/p>\n","protected":false},"featured_media":2985,"template":"","meta":[],"product_cat":[176],"product_tag":[202,201],"class_list":{"0":"post-2986","1":"product","2":"type-product","3":"status-publish","4":"has-post-thumbnail","6":"product_cat-esitlustarvikud","7":"product_tag-beach-banner","8":"product_tag-soft-banner","10":"first","11":"instock","12":"taxable","13":"shipping-taxable","14":"product-type-simple"},"aioseo_notices":[],"_links":{"self":[{"href":"https:\/\/tameolipp.ee\/index.php?rest_route=\/wp\/v2\/product\/2986","targetHints":{"allow":["GET"]}}],"collection":[{"href":"https:\/\/tameolipp.ee\/index.php?rest_route=\/wp\/v2\/product"}],"about":[{"href":"https:\/\/tameolipp.ee\/index.php?rest_route=\/wp\/v2\/types\/product"}],"wp:featuredmedia":[{"embeddable":true,"href":"https:\/\/tameolipp.ee\/index.php?rest_route=\/wp\/v2\/media\/2985"}],"wp:attachment":[{"href":"https:\/\/tameolipp.ee\/index.php?rest_route=%2Fwp%2Fv2%2Fmedia&parent=2986"}],"wp:term":[{"taxonomy":"product_cat","embeddable":true,"href":"https:\/\/tameolipp.ee\/index.php?rest_route=%2Fwp%2Fv2%2Fproduct_cat&post=2986"},{"taxonomy":"product_tag","embeddable":true,"href":"https:\/\/tameolipp.ee\/index.php?rest_route=%2Fwp%2Fv2%2Fproduct_tag&post=2986"}],"curies":[{"name":"wp","href":"https:\/\/api.w.org\/{rel}","templated":true}]}}