{"id":3176,"date":"2026-03-23T14:43:39","date_gmt":"2026-03-23T14:43:39","guid":{"rendered":"https:\/\/tameolipp.ee\/?post_type=product&#038;p=3176"},"modified":"2026-04-08T06:11:36","modified_gmt":"2026-04-08T06:11:36","slug":"sisemise-noorisusteemi-ava-kate","status":"publish","type":"product","link":"https:\/\/tameolipp.ee\/?product=sisemise-noorisusteemi-ava-kate","title":{"rendered":"Sisemise n\u00f6\u00f6ris\u00fcsteemi ava kate"},"content":{"rendered":"<p>Kaitseb soovimatu lipu langetaja eest ja mustuse lipumasti sisse mineku eest.<\/p>\n<p>Sulgemine ja avamine toimub Winchi (sisemise n\u00f6\u00f6ris\u00fcsteemi) v\u00e4ndaga, millega heisatakse ja langetatakse lippu.<\/p>\n","protected":false},"excerpt":{"rendered":"<p>Kaitseb soovimatu lipu langetaja eest ja mustuse lipumasti sisse mineku eest. Sulgemine ja avamine toimub Winchi (sisemise n\u00f6\u00f6ris\u00fcsteemi) v\u00e4ndaga, millega heisatakse ja langetatakse lippu.<\/p>\n","protected":false},"featured_media":3177,"template":"","meta":[],"product_cat":[190],"product_tag":[],"class_list":{"0":"post-3176","1":"product","2":"type-product","3":"status-publish","4":"has-post-thumbnail","6":"product_cat-lipumasti-tarvikud","8":"first","9":"instock","10":"taxable","11":"shipping-taxable","12":"purchasable","13":"product-type-simple"},"aioseo_notices":[],"_links":{"self":[{"href":"https:\/\/tameolipp.ee\/index.php?rest_route=\/wp\/v2\/product\/3176","targetHints":{"allow":["GET"]}}],"collection":[{"href":"https:\/\/tameolipp.ee\/index.php?rest_route=\/wp\/v2\/product"}],"about":[{"href":"https:\/\/tameolipp.ee\/index.php?rest_route=\/wp\/v2\/types\/product"}],"wp:featuredmedia":[{"embeddable":true,"href":"https:\/\/tameolipp.ee\/index.php?rest_route=\/wp\/v2\/media\/3177"}],"wp:attachment":[{"href":"https:\/\/tameolipp.ee\/index.php?rest_route=%2Fwp%2Fv2%2Fmedia&parent=3176"}],"wp:term":[{"taxonomy":"product_cat","embeddable":true,"href":"https:\/\/tameolipp.ee\/index.php?rest_route=%2Fwp%2Fv2%2Fproduct_cat&post=3176"},{"taxonomy":"product_tag","embeddable":true,"href":"https:\/\/tameolipp.ee\/index.php?rest_route=%2Fwp%2Fv2%2Fproduct_tag&post=3176"}],"curies":[{"name":"wp","href":"https:\/\/api.w.org\/{rel}","templated":true}]}}