{"id":3187,"date":"2026-03-24T14:57:36","date_gmt":"2026-03-24T14:57:36","guid":{"rendered":"https:\/\/tameolipp.ee\/?post_type=product&#038;p=3187"},"modified":"2026-04-20T09:37:43","modified_gmt":"2026-04-20T09:37:43","slug":"pidulik-eesti-lipp","status":"publish","type":"product","link":"https:\/\/tameolipp.ee\/?product=pidulik-eesti-lipp","title":{"rendered":"Pidulik Eesti lipp"},"content":{"rendered":"<p>Pidulik Eesti Lipp on v\u00e4\u00e4rikas kasutamiseks saalilipuna ja paraadlipuna. Narmaste valikus on kuldne, h\u00f5bedane v\u00f5i valge narmas.<\/p>\n<p>Lipu juurde on v\u00f5imalikjuurde soetada samas toonis tuttidega ehisn\u00f6\u00f6r.<\/p>\n","protected":false},"excerpt":{"rendered":"<p>Pidulik Eesti Lipp on v\u00e4\u00e4rikas kasutamiseks saalilipuna ja paraadlipuna. Narmaste valikus on kuldne, h\u00f5bedane v\u00f5i valge narmas. Lipu juurde on v\u00f5imalikjuurde soetada samas toonis tuttidega ehisn\u00f6\u00f6r.<\/p>\n","protected":false},"featured_media":3185,"template":"","meta":[],"product_cat":[208],"product_tag":[],"class_list":{"0":"post-3187","1":"product","2":"type-product","3":"status-publish","4":"has-post-thumbnail","6":"product_cat-pidulikud-lipud","8":"first","9":"instock","10":"taxable","11":"shipping-taxable","12":"product-type-simple"},"aioseo_notices":[],"_links":{"self":[{"href":"https:\/\/tameolipp.ee\/index.php?rest_route=\/wp\/v2\/product\/3187","targetHints":{"allow":["GET"]}}],"collection":[{"href":"https:\/\/tameolipp.ee\/index.php?rest_route=\/wp\/v2\/product"}],"about":[{"href":"https:\/\/tameolipp.ee\/index.php?rest_route=\/wp\/v2\/types\/product"}],"wp:featuredmedia":[{"embeddable":true,"href":"https:\/\/tameolipp.ee\/index.php?rest_route=\/wp\/v2\/media\/3185"}],"wp:attachment":[{"href":"https:\/\/tameolipp.ee\/index.php?rest_route=%2Fwp%2Fv2%2Fmedia&parent=3187"}],"wp:term":[{"taxonomy":"product_cat","embeddable":true,"href":"https:\/\/tameolipp.ee\/index.php?rest_route=%2Fwp%2Fv2%2Fproduct_cat&post=3187"},{"taxonomy":"product_tag","embeddable":true,"href":"https:\/\/tameolipp.ee\/index.php?rest_route=%2Fwp%2Fv2%2Fproduct_tag&post=3187"}],"curies":[{"name":"wp","href":"https:\/\/api.w.org\/{rel}","templated":true}]}}