{"id":3191,"date":"2026-03-27T14:46:22","date_gmt":"2026-03-27T14:46:22","guid":{"rendered":"https:\/\/tameolipp.ee\/?post_type=product&#038;p=3191"},"modified":"2026-04-20T00:24:52","modified_gmt":"2026-04-20T00:24:52","slug":"tanaposti-lipu-hoidik","status":"publish","type":"product","link":"https:\/\/tameolipp.ee\/?product=tanaposti-lipu-hoidik","title":{"rendered":"T\u00e4naposti lipu hoidik"},"content":{"rendered":"<p>T\u00e4navaposti hoidikuid on v\u00f5imalik saada 1- v\u00f5i 2- kohalilisi.\u00a0 Hoidikuid on v\u00f5imalik tellida teile sobivas RAL toonis.<\/p>\n<p>M\u00f5\u00f5dud: alusplaat- 50 x 160 mm; toru pikkus- 170 mm; toru sisemine diameeter- 15 mm<\/p>\n<p>Valmistame ka sobivaid puidust vardaga lippe.<\/p>\n","protected":false},"excerpt":{"rendered":"<p>T\u00e4navaposti hoidikuid on v\u00f5imalik saada 1- v\u00f5i 2- kohalilisi.\u00a0 Hoidikuid on v\u00f5imalik tellida teile sobivas RAL toonis. M\u00f5\u00f5dud: alusplaat- 50 x 160 mm; toru pikkus- 170 mm; toru sisemine diameeter- 15 mm Valmistame ka sobivaid puidust vardaga lippe.<\/p>\n","protected":false},"featured_media":3190,"template":"","meta":[],"product_cat":[207],"product_tag":[],"class_list":{"0":"post-3191","1":"product","2":"type-product","3":"status-publish","4":"has-post-thumbnail","6":"product_cat-tanavaposti-lipud-ja-kinnitused","8":"first","9":"instock","10":"taxable","11":"shipping-taxable","12":"product-type-simple"},"aioseo_notices":[],"_links":{"self":[{"href":"https:\/\/tameolipp.ee\/index.php?rest_route=\/wp\/v2\/product\/3191","targetHints":{"allow":["GET"]}}],"collection":[{"href":"https:\/\/tameolipp.ee\/index.php?rest_route=\/wp\/v2\/product"}],"about":[{"href":"https:\/\/tameolipp.ee\/index.php?rest_route=\/wp\/v2\/types\/product"}],"wp:featuredmedia":[{"embeddable":true,"href":"https:\/\/tameolipp.ee\/index.php?rest_route=\/wp\/v2\/media\/3190"}],"wp:attachment":[{"href":"https:\/\/tameolipp.ee\/index.php?rest_route=%2Fwp%2Fv2%2Fmedia&parent=3191"}],"wp:term":[{"taxonomy":"product_cat","embeddable":true,"href":"https:\/\/tameolipp.ee\/index.php?rest_route=%2Fwp%2Fv2%2Fproduct_cat&post=3191"},{"taxonomy":"product_tag","embeddable":true,"href":"https:\/\/tameolipp.ee\/index.php?rest_route=%2Fwp%2Fv2%2Fproduct_tag&post=3191"}],"curies":[{"name":"wp","href":"https:\/\/api.w.org\/{rel}","templated":true}]}}